{"id":21637,"date":"2025-08-04T15:03:32","date_gmt":"2025-08-04T14:03:32","guid":{"rendered":"https:\/\/staging.phdmedia.com_\/germany\/?page_id=21637"},"modified":"2025-08-04T15:30:23","modified_gmt":"2025-08-04T14:30:23","slug":"impressum","status":"publish","type":"page","link":"https:\/\/www.phdmedia.com\/germany\/impressum\/","title":{"rendered":"Impressum"},"content":{"rendered":"<pre>PHD Germany GmbH | An Omnicom Company\r\nGesch\u00e4ftsf\u00fchrung: <span data-olk-copy-source=\"MessageBody\">Jan Kr\u00f6ger, Tobias Lange, Sissy Pflaum-Griffiths, Lukas Pietrowski, Miriam Prei\u00df, Tobias Schichtel, Andreas Schmitt, Stephan Winter<\/span>\r\nHandelsregister: <span data-olk-copy-source=\"MessageBody\">AG Frankfurt HRB 16475<\/span>\r\nUst-IdNr.: DE 114 134 553\r\nAnschrift: Speicherstra\u00dfe 59 , 60327 Frankfurt am Main\r\nE-Mail: phdgermany@omc.com\r\nTel: +49 (0)69 9621950<\/pre>\n","protected":false},"excerpt":{"rendered":"<p>PHD Germany GmbH | An Omnicom Company Gesch\u00e4ftsf\u00fchrung: Jan Kr\u00f6ger, Tobias Lange, Sissy Pflaum-Griffiths, Lukas Pietrowski, Miriam Prei\u00df, Tobias Schichtel, Andreas Schmitt, Stephan Winter Handelsregister: AG Frankfurt HRB 16475 Ust-IdNr.: DE 114 134 553 Anschrift: Speicherstra\u00dfe 59 , 60327 Frankfurt am Main E-Mail: phdgermany@omc.com Tel: +49 (0)69 9621950<\/p>\n","protected":false},"author":100119,"featured_media":0,"parent":0,"menu_order":91,"comment_status":"closed","ping_status":"closed","template":"","meta":{"_acf_changed":false,"inline_featured_image":false,"footnotes":""},"class_list":["post-21637","page","type-page","status-publish","hentry"],"acf":[],"_links":{"self":[{"href":"https:\/\/www.phdmedia.com\/germany\/wp-json\/wp\/v2\/pages\/21637","targetHints":{"allow":["GET"]}}],"collection":[{"href":"https:\/\/www.phdmedia.com\/germany\/wp-json\/wp\/v2\/pages"}],"about":[{"href":"https:\/\/www.phdmedia.com\/germany\/wp-json\/wp\/v2\/types\/page"}],"author":[{"embeddable":true,"href":"https:\/\/www.phdmedia.com\/germany\/wp-json\/wp\/v2\/users\/100119"}],"replies":[{"embeddable":true,"href":"https:\/\/www.phdmedia.com\/germany\/wp-json\/wp\/v2\/comments?post=21637"}],"version-history":[{"count":0,"href":"https:\/\/www.phdmedia.com\/germany\/wp-json\/wp\/v2\/pages\/21637\/revisions"}],"wp:attachment":[{"href":"https:\/\/www.phdmedia.com\/germany\/wp-json\/wp\/v2\/media?parent=21637"}],"curies":[{"name":"wp","href":"https:\/\/api.w.org\/{rel}","templated":true}]}}